{"id":331,"date":"2024-11-10T11:29:47","date_gmt":"2024-11-10T11:29:47","guid":{"rendered":"https:\/\/adriannaweimann.de\/?page_id=331"},"modified":"2026-04-16T15:13:27","modified_gmt":"2026-04-16T15:13:27","slug":"qualifikation","status":"publish","type":"page","link":"https:\/\/adriannaweimann.de\/?page_id=331","title":{"rendered":"Qualifikation"},"content":{"rendered":"\n<div class=\"wp-block-columns is-layout-flex wp-container-core-columns-is-layout-28f84493 wp-block-columns-is-layout-flex\">\n<div class=\"wp-block-column is-layout-flow wp-block-column-is-layout-flow\">\n<figure class=\"wp-block-image size-large\"><img loading=\"lazy\" decoding=\"async\" width=\"2560\" height=\"1920\" src=\"https:\/\/adriannaweimann.de\/wp-content\/uploads\/2024\/11\/IMG_9387-edited-scaled.jpeg\" alt=\"\" class=\"wp-image-332\" srcset=\"https:\/\/adriannaweimann.de\/wp-content\/uploads\/2024\/11\/IMG_9387-edited-scaled.jpeg 2560w, https:\/\/adriannaweimann.de\/wp-content\/uploads\/2024\/11\/IMG_9387-edited-300x225.jpeg 300w, https:\/\/adriannaweimann.de\/wp-content\/uploads\/2024\/11\/IMG_9387-edited-1024x768.jpeg 1024w, https:\/\/adriannaweimann.de\/wp-content\/uploads\/2024\/11\/IMG_9387-edited-768x576.jpeg 768w, https:\/\/adriannaweimann.de\/wp-content\/uploads\/2024\/11\/IMG_9387-edited-1536x1152.jpeg 1536w, https:\/\/adriannaweimann.de\/wp-content\/uploads\/2024\/11\/IMG_9387-edited-2048x1536.jpeg 2048w\" sizes=\"auto, (max-width: 2560px) 100vw, 2560px\" \/><\/figure>\n<\/div>\n\n\n\n<div class=\"wp-block-column is-layout-flow wp-block-column-is-layout-flow\">\n<h3 class=\"wp-block-heading\">Adrianna Weimann<\/h3>\n\n\n\n<h4 class=\"wp-block-heading\"><strong>Stillberaterin in M\u00fcnchen<\/strong><\/h4>\n\n\n\n<p><strong>Telefon: <\/strong><br>0162 335 39 89<br><strong>Email<\/strong>: <br>stillen@adriannaweimann.de<\/p>\n<\/div>\n<\/div>\n\n\n\n<p>Hallo, ich bin Adrianna.<\/p>\n\n\n\n<p>Ich bin zweifache Mutter und&nbsp;zertifizierte Stillbegleiterin am Deutschen Ausbildungsinstitut f\u00fcr Stillbegleitung (DAIS).<\/p>\n\n\n\n<p>Neben einer fundierten und wissenschaftsbasierten Ausbildung zur Stillbegleiterin bringe ich \u00fcber 25 Jahre Berufserfahrung im engen Kontakt mit Menschen mit. Ich habe in meinem bisherigen Arbeitsleben Menschen beraten, Erwachsene weitergebildet und Teams gef\u00fchrt.<\/p>\n\n\n\n<p>Eine Vielzahl von Fortbildungen im Bereich Coaching, Kommunikationstraining und Pers\u00f6nlichkeitsentwicklung runden meine Expertise und Perspektive ab.<\/p>\n\n\n\n<p><em>Ich arbeite unabh\u00e4ngig von Muttermilchersatznahrungsherstellern, Babynahrungsherstellern und von Herstellern von Flaschen, Saugern und Milchpumpen. Ich nehme keine Honorare, keine Zuwendungen und keine Fortbildungen von diesen Firmen an. Ich gebe kein Werbematerial dieser Firmen weiter. Ich unterst\u00fctze Deine informierte Entscheidung und berate Dich individuell<\/em>.<\/p>\n\n\n\n<p><em>Ich halte den WHO-Kodex ein.<\/em><\/p>\n\n\n\n<div style=\"height:100px\" aria-hidden=\"true\" class=\"wp-block-spacer\"><\/div>\n\n\n\n<h2 class=\"wp-block-heading has-text-align-center\">Meine Qualifikationen<\/h2>\n\n\n\n<div class=\"wp-block-columns is-layout-flex wp-container-core-columns-is-layout-28f84493 wp-block-columns-is-layout-flex\">\n<div class=\"wp-block-column is-layout-flow wp-block-column-is-layout-flow\" style=\"flex-basis:33.33%\">\n<p><strong>DAIS <br>Zertifizierte Stillbegleiterin<\/strong><br>03\/2024<\/p>\n<\/div>\n\n\n\n<div class=\"wp-block-column is-layout-flow wp-block-column-is-layout-flow\" style=\"flex-basis:66.66%\">\n<p>Physiologie des Stillens (Mutter-Kind-Einheit),<br>Stillen in unserer Gesellschaft,<br>Pathologien des Stillens (Mutter-Kind-Einheit),<br>Stillen als pers\u00f6nliche Erfahrung,<br>Kommunikation und Gespr\u00e4chsf\u00fchrung in der Stillbegleitung<\/p>\n<\/div>\n<\/div>\n\n\n\n<div class=\"wp-block-columns is-layout-flex wp-container-core-columns-is-layout-28f84493 wp-block-columns-is-layout-flex\">\n<div class=\"wp-block-column is-layout-flow wp-block-column-is-layout-flow\" style=\"flex-basis:33.33%\">\n<p><strong>DAIS<\/strong><br>04\/2024<\/p>\n<\/div>\n\n\n\n<div class=\"wp-block-column is-layout-flow wp-block-column-is-layout-flow\" style=\"flex-basis:66.66%\">\n<p>&#8222;Schmerzen in der Stillzeit&#8220;<\/p>\n<\/div>\n<\/div>\n\n\n\n<div class=\"wp-block-columns is-layout-flex wp-container-core-columns-is-layout-28f84493 wp-block-columns-is-layout-flex\">\n<div class=\"wp-block-column is-layout-flow wp-block-column-is-layout-flow\" style=\"flex-basis:33.33%\">\n<p><strong>DAIS<\/strong><br>05\/2024<\/p>\n<\/div>\n\n\n\n<div class=\"wp-block-column is-layout-flow wp-block-column-is-layout-flow\" style=\"flex-basis:66.66%\">\n<p>&#8222;Nach schwierigem Stillstart zur\u00fcck an die Brust&#8220;<\/p>\n<\/div>\n<\/div>\n\n\n\n<div class=\"wp-block-columns is-layout-flex wp-container-core-columns-is-layout-28f84493 wp-block-columns-is-layout-flex\">\n<div class=\"wp-block-column is-layout-flow wp-block-column-is-layout-flow\" style=\"flex-basis:33.33%\">\n<p><strong>Akademie Ottenstein<\/strong><br>09\/2024<\/p>\n<\/div>\n\n\n\n<div class=\"wp-block-column is-layout-flow wp-block-column-is-layout-flow\" style=\"flex-basis:66.66%\">\n<p>&#8222;Achtsam (Ab-)Stillen nach Kofler-Gutfertinger&#8220;<\/p>\n<\/div>\n<\/div>\n\n\n\n<div class=\"wp-block-columns is-layout-flex wp-container-core-columns-is-layout-28f84493 wp-block-columns-is-layout-flex\">\n<div class=\"wp-block-column is-layout-flow wp-block-column-is-layout-flow\" style=\"flex-basis:33.33%\">\n<p><strong>16. B\u00fchler Stilltag<\/strong><br>10\/2024<\/p>\n<\/div>\n\n\n\n<div class=\"wp-block-column is-layout-flow wp-block-column-is-layout-flow\" style=\"flex-basis:66.66%\">\n<p>&#8222;Aktueller Fachdiskurs rundum Mastitis, neue Leitlinien und ihre Umsetzung&#8220;<\/p>\n\n\n\n<p>&#8222;Situationsgerechte Stillpositionen &#8211; passend f\u00fcr Mutter und Kind&#8220;<\/p>\n<\/div>\n<\/div>\n\n\n\n<div class=\"wp-block-columns is-layout-flex wp-container-core-columns-is-layout-28f84493 wp-block-columns-is-layout-flex\">\n<div class=\"wp-block-column is-layout-flow wp-block-column-is-layout-flow\" style=\"flex-basis:33.33%\">\n<p><strong>Schatten und Licht e.V. <\/strong><br>11\/2024<\/p>\n<\/div>\n\n\n\n<div class=\"wp-block-column is-layout-flow wp-block-column-is-layout-flow\" style=\"flex-basis:66.66%\">\n<p>&#8222;Begleitung nach negativem und traumatischen Geburtserlebnis&#8220;<\/p>\n<\/div>\n<\/div>\n\n\n\n<div class=\"wp-block-columns is-layout-flex wp-container-core-columns-is-layout-28f84493 wp-block-columns-is-layout-flex\">\n<div class=\"wp-block-column is-layout-flow wp-block-column-is-layout-flow\" style=\"flex-basis:33.33%\">\n<p><strong>Akademie Ottenstein<\/strong><br>12\/2024<\/p>\n<\/div>\n\n\n\n<div class=\"wp-block-column is-layout-flow wp-block-column-is-layout-flow\" style=\"flex-basis:66.66%\">\n<p>&#8222;Wachstum und Gedeihst\u00f6rungen bei gestillten S\u00e4uglingen&#8220;<\/p>\n<\/div>\n<\/div>\n\n\n\n<div class=\"wp-block-columns is-layout-flex wp-container-core-columns-is-layout-28f84493 wp-block-columns-is-layout-flex\">\n<div class=\"wp-block-column is-layout-flow wp-block-column-is-layout-flow\" style=\"flex-basis:33.33%\">\n<p><strong>Hazel Baker Lactation Institute<\/strong><br>05\/2025<\/p>\n<\/div>\n\n\n\n<div class=\"wp-block-column is-layout-flow wp-block-column-is-layout-flow\" style=\"flex-basis:66.66%\">\n<p>&#8222;Faux Tie: When is tongue-tie NOT a tongue-tie?&#8220;<\/p>\n<\/div>\n<\/div>\n\n\n\n<div class=\"wp-block-columns is-layout-flex wp-container-core-columns-is-layout-28f84493 wp-block-columns-is-layout-flex\">\n<div class=\"wp-block-column is-layout-flow wp-block-column-is-layout-flow\" style=\"flex-basis:33.33%\">\n<p><strong>Fes-Institut <\/strong><br>05\/2025<\/p>\n<\/div>\n\n\n\n<div class=\"wp-block-column is-layout-flow wp-block-column-is-layout-flow\" style=\"flex-basis:66.66%\">\n<p>&#8222;Regulations- und F\u00fctterst\u00f6rungen in den ersten Lebensmonaten&#8220;<\/p>\n<\/div>\n<\/div>\n\n\n\n<div class=\"wp-block-columns is-layout-flex wp-container-core-columns-is-layout-28f84493 wp-block-columns-is-layout-flex\">\n<div class=\"wp-block-column is-layout-flow wp-block-column-is-layout-flow\" style=\"flex-basis:33.33%\">\n<p><strong>Logomania<\/strong><br>06\/2025<\/p>\n<\/div>\n\n\n\n<div class=\"wp-block-column is-layout-flow wp-block-column-is-layout-flow\" style=\"flex-basis:66.66%\">\n<p>&#8222;Das zu kurze Zungen- und Lippenband&#8220; <\/p>\n<\/div>\n<\/div>\n\n\n\n<div class=\"wp-block-columns is-layout-flex wp-container-core-columns-is-layout-28f84493 wp-block-columns-is-layout-flex\">\n<div class=\"wp-block-column is-layout-flow wp-block-column-is-layout-flow\" style=\"flex-basis:33.33%\">\n<p><br><strong>Liane Emmersberger<\/strong><br>07\/2025<\/p>\n<\/div>\n\n\n\n<div class=\"wp-block-column is-layout-flow wp-block-column-is-layout-flow\" style=\"flex-basis:66.66%\">\n<p><br>&#8222;Kin\u00e4sthetik Infant Handling &#8211; Entwicklung und Lernen&#8220;<br>Grundkurs<\/p>\n<\/div>\n<\/div>\n\n\n\n<div class=\"wp-block-columns is-layout-flex wp-container-core-columns-is-layout-28f84493 wp-block-columns-is-layout-flex\">\n<div class=\"wp-block-column is-layout-flow wp-block-column-is-layout-flow\" style=\"flex-basis:33.33%\">\n<p><br><strong>Akademie Ottenstein<\/strong><br>10\/2025<\/p>\n<\/div>\n\n\n\n<div class=\"wp-block-column is-layout-flow wp-block-column-is-layout-flow\" style=\"flex-basis:66.66%\">\n<p><br>&#8222;Psychosomatik des Stillens&#8220;<\/p>\n<\/div>\n<\/div>\n\n\n\n<div class=\"wp-block-columns is-layout-flex wp-container-core-columns-is-layout-28f84493 wp-block-columns-is-layout-flex\">\n<div class=\"wp-block-column is-layout-flow wp-block-column-is-layout-flow\" style=\"flex-basis:33.33%\">\n<p><br><strong>Akademie Ottenstein<\/strong><br>11\/2025<\/p>\n<\/div>\n\n\n\n<div class=\"wp-block-column is-layout-flow wp-block-column-is-layout-flow\" style=\"flex-basis:66.66%\">\n<p><br>&#8222;Wenn Stillen zur Qual wird &#8211; Evidenzbasierte Strategien bei Milchstau, Mastitis &amp; Co.&#8220;<\/p>\n<\/div>\n<\/div>\n\n\n\n<div class=\"wp-block-columns is-layout-flex wp-container-core-columns-is-layout-28f84493 wp-block-columns-is-layout-flex\">\n<div class=\"wp-block-column is-layout-flow wp-block-column-is-layout-flow\" style=\"flex-basis:33.33%\">\n<p><br><a href=\"https:\/\/www.emotionelle-erste-hilfe.org\/ueber-die-eeh\/\"><strong>Emotionelle Erste Hilfe<\/strong><\/a><br>seit 01\/2026<\/p>\n<\/div>\n\n\n\n<div class=\"wp-block-column is-layout-flow wp-block-column-is-layout-flow\" style=\"flex-basis:66.66%\">\n<p><br>Basic-Bonding Leiterin in Ausbildung<\/p>\n<\/div>\n<\/div>\n\n\n\n<div class=\"wp-block-columns is-layout-flex wp-container-core-columns-is-layout-28f84493 wp-block-columns-is-layout-flex\">\n<div class=\"wp-block-column is-layout-flow wp-block-column-is-layout-flow\" style=\"flex-basis:33.33%\">\n<p><strong>EISL<\/strong>                          04\/2026<\/p>\n\n\n\n<p><\/p>\n<\/div>\n\n\n\n<div class=\"wp-block-column is-layout-flow wp-block-column-is-layout-flow\" style=\"flex-basis:66.66%\">\n<p>&#8222;Babyschlaf \u2013 Zwischen Evolution und Alltag&#8220;.<\/p>\n<\/div>\n<\/div>\n","protected":false},"excerpt":{"rendered":"<p>Adrianna Weimann Stillberaterin in M\u00fcnchen Telefon: 0162 335 39 89Email: stillen@adriannaweimann.de Hallo, ich bin Adrianna. Ich bin zweifache Mutter und&nbsp;zertifizierte Stillbegleiterin am Deutschen Ausbildungsinstitut f\u00fcr Stillbegleitung (DAIS). Neben einer fundierten und wissenschaftsbasierten Ausbildung zur Stillbegleiterin bringe ich \u00fcber 25 Jahre Berufserfahrung im engen Kontakt mit Menschen mit. Ich habe in meinem bisherigen Arbeitsleben Menschen beraten, [&hellip;]<\/p>\n","protected":false},"author":1,"featured_media":0,"parent":0,"menu_order":0,"comment_status":"closed","ping_status":"closed","template":"","meta":{"footnotes":""},"class_list":["post-331","page","type-page","status-publish","hentry"],"_links":{"self":[{"href":"https:\/\/adriannaweimann.de\/index.php?rest_route=\/wp\/v2\/pages\/331","targetHints":{"allow":["GET"]}}],"collection":[{"href":"https:\/\/adriannaweimann.de\/index.php?rest_route=\/wp\/v2\/pages"}],"about":[{"href":"https:\/\/adriannaweimann.de\/index.php?rest_route=\/wp\/v2\/types\/page"}],"author":[{"embeddable":true,"href":"https:\/\/adriannaweimann.de\/index.php?rest_route=\/wp\/v2\/users\/1"}],"replies":[{"embeddable":true,"href":"https:\/\/adriannaweimann.de\/index.php?rest_route=%2Fwp%2Fv2%2Fcomments&post=331"}],"version-history":[{"count":28,"href":"https:\/\/adriannaweimann.de\/index.php?rest_route=\/wp\/v2\/pages\/331\/revisions"}],"predecessor-version":[{"id":527,"href":"https:\/\/adriannaweimann.de\/index.php?rest_route=\/wp\/v2\/pages\/331\/revisions\/527"}],"wp:attachment":[{"href":"https:\/\/adriannaweimann.de\/index.php?rest_route=%2Fwp%2Fv2%2Fmedia&parent=331"}],"curies":[{"name":"wp","href":"https:\/\/api.w.org\/{rel}","templated":true}]}}