{"id":348,"date":"2024-11-26T19:07:11","date_gmt":"2024-11-26T19:07:11","guid":{"rendered":"https:\/\/adriannaweimann.de\/?page_id=348"},"modified":"2026-04-16T14:59:56","modified_gmt":"2026-04-16T14:59:56","slug":"beratungsangebot","status":"publish","type":"page","link":"https:\/\/adriannaweimann.de\/?page_id=348","title":{"rendered":"Beratungsangebot"},"content":{"rendered":"\n<div class=\"wp-block-group alignfull has-ti-bg-alt-background-color has-background is-layout-constrained wp-container-core-group-is-layout-a8cabacf wp-block-group-is-layout-constrained\" style=\"margin-top:0px;margin-bottom:0px;padding-top:64px;padding-right:24px;padding-bottom:64px;padding-left:24px\">\n<figure class=\"wp-block-pullquote\"><blockquote><p>&#8222;Es gibt nie nur den &#8218;S\u00e4ugling&#8216; sondern immer nur den &#8218;S\u00e4ugling und Jemanden&#8216;.&#8220;<\/p><cite>Donald winnicot<\/cite><\/blockquote><\/figure>\n\n\n\n<p>Nach dieser \u00dcberzeugung m\u00f6chte ich Dich in Deiner neuen Rolle als Mutter oder werdende Mutter auf Deinem (Still)Weg wertsch\u00e4tzend und unterst\u00fctzend begleiten.<\/p>\n\n\n\n<p>Denn Stillen ist nicht nur Nahrung. Viel mehr wollen alle Grundbed\u00fcrfnisse des Babys gestillt werden &#8211; dazu geh\u00f6ren N\u00e4he, Zuwendung, Sicherheit, Geborgenheit und Zugeh\u00f6rigkeit.<\/p>\n\n\n\n<hr class=\"wp-block-separator has-alpha-channel-opacity\"\/>\n\n\n\n<h2 class=\"wp-block-heading has-text-align-center\" id=\"meinangebot\">Deine Stillreise<\/h2>\n\n\n\n<div class=\"wp-block-columns alignwide is-layout-flex wp-container-core-columns-is-layout-6127943d wp-block-columns-is-layout-flex\">\n<div class=\"wp-block-column is-layout-flow wp-block-column-is-layout-flow\" style=\"padding-top:0px;padding-right:0px;padding-bottom:0px;padding-left:0px\">\n<div class=\"wp-block-group is-content-justification-center is-layout-constrained wp-container-core-group-is-layout-3f0fe041 wp-block-group-is-layout-constrained\" style=\"padding-top:0;padding-right:0;padding-bottom:0;padding-left:0\">\n<div class=\"wp-block-group has-ti-accent-background-color has-background is-content-justification-left is-layout-constrained wp-container-core-group-is-layout-781a648b wp-block-group-is-layout-constrained\" style=\"border-radius:100px;padding-top:16px;padding-right:16px;padding-bottom:16px;padding-left:16px\">\n<figure class=\"wp-block-image size-full\"><img loading=\"lazy\" decoding=\"async\" width=\"64\" height=\"64\" src=\"https:\/\/adriannaweimann.de\/wp-content\/uploads\/2024\/04\/pregnant.png\" alt=\"\" class=\"wp-image-84\"\/><\/figure>\n<\/div>\n<\/div>\n\n\n\n<h3 class=\"wp-block-heading has-text-align-center has-medium-font-size\">STILLVORBEREITUNG       &#8222;Gut gestillt &#8211; von Anfang an.&#8220;<\/h3>\n\n\n\n<p class=\"has-text-align-center has-link-color wp-elements-fffb8e2c9fe1b4397ee9136b54f9b7c4\"><br>Stillvorbereitungsworkshops im <strong>&#8218;Hebammenhaus M\u00fcnchen&#8216; <\/strong>in Laim am <strong>08.05.26<\/strong>, <a href=\"https:\/\/hebammenhaus-muenchen.de\/stillworkshop\/\">hier<\/a> weitere Termine und Anmeldung<\/p>\n\n\n\n<p class=\"has-text-align-center\">Stillvorbereitungsworkshops in der <strong>&#8218;Hebammengemeinschaft M\u00fcnchen&#8216; <\/strong>in Obersendling,  der n\u00e4chste Termin ist am <strong>17.04.2026<\/strong>, Anmeldungen <a href=\"stillen@adriannaweimann.de\">direkt an mich<\/a><\/p>\n\n\n\n<p class=\"has-text-align-center\">Breastfeeding preparation class, at <strong>&#8218;Mamiflow&#8216;<\/strong> in English, <strong>May 4th 2026<\/strong>, <a type=\"link\" href=\"http:\/\/calendly.com\/mamiflow\/breastfeeding-workshop\" id=\"calendly.com\/mamiflow\/breastfeeding-workshop\">book now<\/a><\/p>\n\n\n\n<p class=\"has-text-align-center\">Individuelle Stillvorbereitung nur mit Dir und Partner:in.                  Anfragen <a href=\"stillen@adriannaweimann.de\" data-type=\"link\" data-id=\"stillen@adriannaweimann.de\">direkt an mich<\/a><\/p>\n\n\n\n<p class=\"has-text-align-center\"><\/p>\n<\/div>\n\n\n\n<div class=\"wp-block-column is-layout-flow wp-block-column-is-layout-flow\" style=\"padding-top:0px;padding-right:0px;padding-bottom:0px;padding-left:0px\">\n<div class=\"wp-block-group is-content-justification-center is-layout-constrained wp-container-core-group-is-layout-3f0fe041 wp-block-group-is-layout-constrained\" style=\"padding-top:0;padding-right:0;padding-bottom:0;padding-left:0\">\n<div class=\"wp-block-group has-ti-accent-background-color has-background is-content-justification-left is-layout-constrained wp-container-core-group-is-layout-781a648b wp-block-group-is-layout-constrained\" style=\"border-radius:100px;padding-top:16px;padding-right:16px;padding-bottom:16px;padding-left:16px\">\n<figure class=\"wp-block-image size-full\"><img loading=\"lazy\" decoding=\"async\" width=\"64\" height=\"64\" src=\"https:\/\/adriannaweimann.de\/wp-content\/uploads\/2024\/04\/care.png\" alt=\"\" class=\"wp-image-83\"\/><\/figure>\n<\/div>\n<\/div>\n\n\n\n<h3 class=\"wp-block-heading has-text-align-center has-medium-font-size\">STILLBERATUNG &amp; STILLTREFF<\/h3>\n\n\n\n<p><\/p>\n\n\n\n<p class=\"has-text-align-center\">Beratung direkt beim Stillstart auf Wunsch bereits in der Geburtsklinik oder zu Hause, Anfragen <a href=\"stillen@adriannaweimann.de\">direkt an mich<\/a><\/p>\n\n\n\n<p class=\"has-text-align-center\">Stillberatung bequem bei Dir zu Hause, Anfragen <a href=\"stillen@adriannaweimann.de\">direkt an mich<\/a><\/p>\n\n\n\n<p class=\"has-text-align-center\">Stilltreff im <strong>&#8218;Familienzentrum Laim&#8216;<\/strong>, immer donnerstags von 9.30 Uhr bis 11.30 Uhr                           Informationen findest Du <a href=\"https:\/\/familienzentrum-laim.de\/offene-eltern-kind-treffs\/\">hier <\/a><\/p>\n<\/div>\n\n\n\n<div class=\"wp-block-column is-layout-flow wp-block-column-is-layout-flow\" style=\"padding-top:0px;padding-right:0px;padding-bottom:0px;padding-left:0px\">\n<div class=\"wp-block-group is-content-justification-center is-layout-constrained wp-container-core-group-is-layout-3f0fe041 wp-block-group-is-layout-constrained\" style=\"padding-top:0;padding-right:0;padding-bottom:0;padding-left:0\">\n<div class=\"wp-block-group has-ti-accent-background-color has-background is-content-justification-left is-layout-constrained wp-container-core-group-is-layout-781a648b wp-block-group-is-layout-constrained\" style=\"border-radius:100px;padding-top:16px;padding-right:16px;padding-bottom:16px;padding-left:16px\">\n<figure class=\"wp-block-image size-full\"><img loading=\"lazy\" decoding=\"async\" width=\"128\" height=\"128\" src=\"https:\/\/adriannaweimann.de\/wp-content\/uploads\/2024\/05\/family.png\" alt=\"\" class=\"wp-image-118\"\/><\/figure>\n<\/div>\n<\/div>\n\n\n\n<h3 class=\"wp-block-heading has-text-align-center has-medium-font-size\">ABSTILLBERATUNG &#8222;Gut gestillt &#8211; und was kommt dann?&#8220;<\/h3>\n\n\n\n<p class=\"has-text-align-center has-link-color wp-elements-6acfe548f197f392c242db94a833739c\"><br>Individuelle, bed\u00fcrfnisorientierte Beratung zum Ende der Stillzeit Anfragen <a href=\"stillen@adriannaweimann.de\" data-type=\"link\" data-id=\"stillen@adriannaweimann.de\">direkt an mich<\/a><\/p>\n\n\n\n<p class=\"has-text-align-center\">Abstillworkshops im &#8218;<strong>Nesth\u00e4kchen&#8216; <\/strong>in Schwabing, n\u00e4chster Termin am <strong>13.06.2026<\/strong> Anmeldungen <a href=\"stillen@adriannaweimann.de\">direkt an mich<\/a><\/p>\n\n\n\n<p class=\"has-text-align-center\">Abstillworkshops im <strong>&#8218;Baby Poppins&#8216;<\/strong> in Bogenhausen n\u00e4chster Termin am <strong>09.05.2026<\/strong> Anmeldungen <a href=\"mailto:stillen@adriannaweimann.de\">direkt an mich<\/a><\/p>\n\n\n\n<p><\/p>\n\n\n\n<p class=\"has-text-align-center\">Der Abstillworkshop ist f\u00fcr Eltern mit Kindern \u00fcber einem Jahr gestaltet. Hier findest du mehr Details.<\/p>\n\n\n\n<div data-wp-interactive=\"core\/file\" class=\"wp-block-file\"><object data-wp-bind--hidden=\"!state.hasPdfPreview\" hidden class=\"wp-block-file__embed\" data=\"https:\/\/adriannaweimann.de\/wp-content\/uploads\/2025\/03\/Gut-gestillt-von-Anfang-an.pdf\" type=\"application\/pdf\" style=\"width:100%;height:250px\" aria-label=\"Einbettung von Gut gestillt- von Anfang an.\"><\/object><a id=\"wp-block-file--media-f4e623c6-4dac-4267-91c6-9595f63f11fb\" href=\"https:\/\/adriannaweimann.de\/wp-content\/uploads\/2025\/03\/Gut-gestillt-von-Anfang-an.pdf\">Gut gestillt- von Anfang an<\/a><a href=\"https:\/\/adriannaweimann.de\/wp-content\/uploads\/2025\/03\/Gut-gestillt-von-Anfang-an.pdf\" class=\"wp-block-file__button wp-element-button\" download aria-describedby=\"wp-block-file--media-f4e623c6-4dac-4267-91c6-9595f63f11fb\">Herunterladen<\/a><\/div>\n<\/div>\n<\/div>\n\n\n\n<div style=\"height:52px\" aria-hidden=\"true\" class=\"wp-block-spacer\"><\/div>\n\n\n\n<hr class=\"wp-block-separator has-alpha-channel-opacity\"\/>\n\n\n\n<ul class=\"wp-block-list has-ti-bg-alt-background-color has-background\">\n<li>F\u00fcr eine Einzelstunde (bei Dir zu Hause oder telefonisch) berechne ich 80,00 Euro. Bei Hausbesuchen berechne ich die erste Stunde immer voll. Danach rechne ich pro angefangene 15 Minuten 20,00 Euro ab.<\/li>\n\n\n\n<li>Ich berechne einen Wochenend- und Feiertagszuschlag i.H.v. 50 Euro<\/li>\n\n\n\n<li>Solltest Du einen Termin kurzfristig absagen m\u00fcssen (24 Stunden vorher) und keinen Ersatztermin vereinbaren, berechne ich eine Ausfallgeb\u00fchr i.H.v. einer Einzelstunde<\/li>\n\n\n\n<li>Fahrtkosten ab 10 km bis 15 km: 5,00 Euro; ab 16 km bis 20 km: 10,00 Euro, usw.<\/li>\n\n\n\n<li>Stillvorbereitung in Kleingruppen je nach Gr\u00f6\u00dfe und Raum nach Vereinbarung.<\/li>\n\n\n\n<li>Wenn es &#8211; gerade in der Elternzeit &#8211; finanziell etwas eng ist, komm gerne auf mich zu.<\/li>\n\n\n\n<li>Die Beratung ist eine Privatleistung und wird leider von den meisten Krankenkassen nicht \u00fcbernommen. Ich stelle eine Rechnung aus.<\/li>\n<\/ul>\n\n\n\n<div class=\"wp-block-cover alignfull is-light has-ti-fg-color has-text-color has-link-color wp-elements-af04cec806e32662167eaf73246babfb\" style=\"margin-top:0;margin-bottom:0;padding-top:0px;padding-right:0px;padding-bottom:0px;padding-left:0px;min-height:530px;aspect-ratio:unset;\" id=\"stillbegleitung-vereinbaren\"><img loading=\"lazy\" decoding=\"async\" width=\"2560\" height=\"1708\" class=\"wp-block-cover__image-background wp-image-127\" alt=\"\" src=\"https:\/\/adriannaweimann.de\/wp-content\/uploads\/2024\/05\/IMG_9422-scaled.jpg\" style=\"object-position:58% 2%\" data-object-fit=\"cover\" data-object-position=\"58% 2%\" srcset=\"https:\/\/adriannaweimann.de\/wp-content\/uploads\/2024\/05\/IMG_9422-scaled.jpg 2560w, https:\/\/adriannaweimann.de\/wp-content\/uploads\/2024\/05\/IMG_9422-300x200.jpg 300w, https:\/\/adriannaweimann.de\/wp-content\/uploads\/2024\/05\/IMG_9422-1024x683.jpg 1024w, https:\/\/adriannaweimann.de\/wp-content\/uploads\/2024\/05\/IMG_9422-768x512.jpg 768w, https:\/\/adriannaweimann.de\/wp-content\/uploads\/2024\/05\/IMG_9422-1536x1025.jpg 1536w, https:\/\/adriannaweimann.de\/wp-content\/uploads\/2024\/05\/IMG_9422-2048x1366.jpg 2048w\" sizes=\"auto, (max-width: 2560px) 100vw, 2560px\" \/><span aria-hidden=\"true\" class=\"wp-block-cover__background has-ti-bg-alt-background-color has-background-dim-40 has-background-dim\"><\/span><div class=\"wp-block-cover__inner-container is-layout-constrained wp-container-core-cover-is-layout-b1bc4a51 wp-block-cover-is-layout-constrained\">\n<h2 class=\"wp-block-heading has-text-align-center\">Stillbegleitung vereinbaren<\/h2>\n\n\n\n<p class=\"has-text-align-center\">Lass uns gerne \u00fcber Deine pers\u00f6nlichen Bed\u00fcrfnisse und Vorstellungen sprechen, um eine individuelle Stillbegleitung zu gestalten. Ich freue mich auf Dich.<\/p>\n\n\n\n<p class=\"has-text-align-center\">Du kannst Dich mit mir auf Deutsch, Englisch oder Polnisch unterhalten.<\/p>\n\n\n\n<div class=\"wp-block-buttons is-content-justification-center is-layout-flex wp-container-core-buttons-is-layout-a89b3969 wp-block-buttons-is-layout-flex\">\n<div class=\"wp-block-button\"><a class=\"wp-block-button__link wp-element-button\" href=\"stillen@adriannaweimann.de\">Schreib mir<\/a><\/div>\n<\/div>\n<\/div><\/div>\n\n\n\n<div class=\"wp-block-group alignfull is-layout-constrained wp-container-core-group-is-layout-4fdf28be wp-block-group-is-layout-constrained\" style=\"margin-top:0px;margin-bottom:0px;padding-top:64px;padding-bottom:64px\">\n<div class=\"wp-block-group alignwide is-layout-constrained wp-container-core-group-is-layout-105570a8 wp-block-group-is-layout-constrained\">\n<p><\/p>\n\n\n\n<p><\/p>\n\n\n\n<h3 class=\"wp-block-heading has-text-align-left\" id=\"treffen\">Wo du mich antreffen kannst:<\/h3>\n<\/div>\n\n\n\n<div class=\"wp-block-columns alignwide is-layout-flex wp-container-core-columns-is-layout-28f84493 wp-block-columns-is-layout-flex\">\n<div class=\"wp-block-column is-layout-flow wp-block-column-is-layout-flow\" style=\"flex-basis:50%\">\n<div class=\"wp-block-group has-ti-bg-alt-background-color has-background is-layout-constrained wp-container-core-group-is-layout-54d875c6 wp-block-group-is-layout-constrained\" style=\"border-radius:5px;padding-top:32px;padding-right:32px;padding-bottom:32px;padding-left:32px\">\n<h3 class=\"wp-block-heading has-text-align-center has-medium-font-size\">Babytreff mit Stillberatung<\/h3>\n\n\n\n<p class=\"has-text-align-center has-link-color wp-elements-4125b8939b45561ac567ecda70f3d301\">Jeden Donnerstag von 9:30 Uhr bis 11:30 Uhr im Familienzentrum Laim, M\u00fcnchen. Mehr Informationen findest Du <a href=\"https:\/\/familienzentrum-laim.de\/offene-eltern-kind-treffs\/\">hier<\/a>.<\/p>\n<\/div>\n<\/div>\n\n\n\n<div class=\"wp-block-column is-layout-flow wp-block-column-is-layout-flow\" style=\"flex-basis:50%\"><\/div>\n<\/div>\n<\/div>\n<\/div>\n","protected":false},"excerpt":{"rendered":"<p>&#8222;Es gibt nie nur den &#8218;S\u00e4ugling&#8216; sondern immer nur den &#8218;S\u00e4ugling und Jemanden&#8216;.&#8220; Donald winnicot Nach dieser \u00dcberzeugung m\u00f6chte ich Dich in Deiner neuen Rolle als Mutter oder werdende Mutter auf Deinem (Still)Weg wertsch\u00e4tzend und unterst\u00fctzend begleiten. Denn Stillen ist nicht nur Nahrung. Viel mehr wollen alle Grundbed\u00fcrfnisse des Babys gestillt werden &#8211; dazu geh\u00f6ren [&hellip;]<\/p>\n","protected":false},"author":1,"featured_media":0,"parent":0,"menu_order":0,"comment_status":"closed","ping_status":"closed","template":"","meta":{"footnotes":""},"class_list":["post-348","page","type-page","status-publish","hentry"],"_links":{"self":[{"href":"https:\/\/adriannaweimann.de\/index.php?rest_route=\/wp\/v2\/pages\/348","targetHints":{"allow":["GET"]}}],"collection":[{"href":"https:\/\/adriannaweimann.de\/index.php?rest_route=\/wp\/v2\/pages"}],"about":[{"href":"https:\/\/adriannaweimann.de\/index.php?rest_route=\/wp\/v2\/types\/page"}],"author":[{"embeddable":true,"href":"https:\/\/adriannaweimann.de\/index.php?rest_route=\/wp\/v2\/users\/1"}],"replies":[{"embeddable":true,"href":"https:\/\/adriannaweimann.de\/index.php?rest_route=%2Fwp%2Fv2%2Fcomments&post=348"}],"version-history":[{"count":40,"href":"https:\/\/adriannaweimann.de\/index.php?rest_route=\/wp\/v2\/pages\/348\/revisions"}],"predecessor-version":[{"id":526,"href":"https:\/\/adriannaweimann.de\/index.php?rest_route=\/wp\/v2\/pages\/348\/revisions\/526"}],"wp:attachment":[{"href":"https:\/\/adriannaweimann.de\/index.php?rest_route=%2Fwp%2Fv2%2Fmedia&parent=348"}],"curies":[{"name":"wp","href":"https:\/\/api.w.org\/{rel}","templated":true}]}}